{"id":682,"date":"2024-01-31T13:47:24","date_gmt":"2024-01-31T12:47:24","guid":{"rendered":"https:\/\/revuerechercherenseignement.net\/?page_id=682"},"modified":"2025-10-14T11:22:32","modified_gmt":"2025-10-14T09:22:32","slug":"page-daccueil","status":"publish","type":"page","link":"https:\/\/revuerechercherenseignement.net\/","title":{"rendered":"Page d&rsquo;accueil"},"content":{"rendered":"\t\t<div data-elementor-type=\"wp-page\" data-elementor-id=\"682\" class=\"elementor elementor-682\" data-elementor-post-type=\"page\">\n\t\t\t\t<div class=\"elementor-element elementor-element-68bf85f e-flex e-con-boxed e-con e-parent\" data-id=\"68bf85f\" data-element_type=\"container\" data-e-type=\"container\">\n\t\t\t\t\t<div class=\"e-con-inner\">\n\t\t\t\t<div class=\"elementor-element elementor-element-16d54ab elementor-testimonial--skin-default elementor-testimonial--layout-image_inline elementor-testimonial--align-center elementor-arrows-yes elementor-pagination-type-bullets elementor-widget elementor-widget-testimonial-carousel\" data-id=\"16d54ab\" data-element_type=\"widget\" data-e-type=\"widget\" data-settings=\"{&quot;show_arrows&quot;:&quot;yes&quot;,&quot;pagination&quot;:&quot;bullets&quot;,&quot;speed&quot;:500,&quot;autoplay&quot;:&quot;yes&quot;,&quot;autoplay_speed&quot;:5000,&quot;loop&quot;:&quot;yes&quot;,&quot;pause_on_hover&quot;:&quot;yes&quot;,&quot;pause_on_interaction&quot;:&quot;yes&quot;,&quot;space_between&quot;:{&quot;unit&quot;:&quot;px&quot;,&quot;size&quot;:10,&quot;sizes&quot;:[]},&quot;space_between_tablet&quot;:{&quot;unit&quot;:&quot;px&quot;,&quot;size&quot;:10,&quot;sizes&quot;:[]},&quot;space_between_mobile&quot;:{&quot;unit&quot;:&quot;px&quot;,&quot;size&quot;:10,&quot;sizes&quot;:[]}}\" data-widget_type=\"testimonial-carousel.default\">\n\t\t\t\t<div class=\"elementor-widget-container\">\n\t\t\t\t\t\t\t<div class=\"elementor-swiper\">\n\t\t\t<div class=\"elementor-main-swiper swiper-container\">\n\t\t\t\t<div class=\"swiper-wrapper\">\n\t\t\t\t\t\t\t\t\t\t\t<div class=\"swiper-slide\">\n\t\t\t\t\t\t\t\t\t<div class=\"elementor-testimonial\">\n\t\t\t\t\t\t\t<div class=\"elementor-testimonial__content\">\n\t\t\t\t\t<div class=\"elementor-testimonial__text\">\n\t\t\t\t\t\t\"Nous esp\u00e9rons non seulement que cette revue offrira des articles de qualit\u00e9 sur ce sujet encore \u00e9mergent en France, mais aussi qu\u2019elle encouragera de nouveaux travaux de recherche et de nouvelles vocations dans ce domaine.\" \t\t\t\t\t<\/div>\n\t\t\t\t\t\t\t\t\t<\/div>\n\t\t\t\t\t\t<div class=\"elementor-testimonial__footer\">\n\t\t\t\t\t\t\t\t\t<div class=\"elementor-testimonial__image\">\n\t\t\t\t\t\t<img decoding=\"async\" src=\"https:\/\/revuerechercherenseignement.net\/wp-content\/uploads\/2025\/07\/image4.png\" alt=\"Philippe Baumard\">\n\t\t\t\t\t\t\t\t\t\t\t<\/div>\n\t\t\t\t\t\t\t\t<cite class=\"elementor-testimonial__cite\"><span class=\"elementor-testimonial__name\">Philippe Baumard<\/span><span class=\"elementor-testimonial__title\">Directeur de la publication <\/span><\/cite>\t\t\t<\/div>\n\t\t<\/div>\n\t\t\t\t\t\t\t\t<\/div>\n\t\t\t\t\t\t\t\t\t<\/div>\n\t\t\t\t\t\t\t<\/div>\n\t\t<\/div>\n\t\t\t\t\t\t<\/div>\n\t\t\t\t<\/div>\n\t\t\t\t\t<\/div>\n\t\t\t\t<\/div>\n\t\t<div class=\"elementor-element elementor-element-87cb4fd e-flex e-con-boxed e-con e-parent\" data-id=\"87cb4fd\" data-element_type=\"container\" data-e-type=\"container\">\n\t\t\t\t\t<div class=\"e-con-inner\">\n\t\t\t\t<div class=\"elementor-element elementor-element-61e0966 elementor-widget elementor-widget-text-editor\" data-id=\"61e0966\" data-element_type=\"widget\" data-e-type=\"widget\" data-widget_type=\"text-editor.default\">\n\t\t\t\t<div class=\"elementor-widget-container\">\n\t\t\t\t\t\t\t\t\t<p>La <em>Revue de Recherche sur le Renseignemen<\/em>t en 3 points :<\/p><p><strong>1. Une revue interdisciplinaire<\/strong> : elle publie des articles en histoire, sciences politiques et nombre d&rsquo;autres disciplines acad\u00e9miques concern\u00e9es par le renseignement.<\/p><p><strong>2. Une revue ancr\u00e9e dans les r\u00e9alit\u00e9s europ\u00e9ennes et internationales<\/strong> : elle aborde toutes les sp\u00e9cificit\u00e9s du renseignement au niveau national et mondial et participe aux d\u00e9bats strat\u00e9giques d&rsquo;aujourd&rsquo;hui.<\/p><p><strong>3. Un pont entre chercheurs et praticiens<\/strong> : elle favorise le dialogue entre universitaires, analystes du renseignement, d\u00e9cideurs et grand public.\u00a0<\/p><p><strong>Les th\u00e8mes des prochaines num\u00e9ros<\/strong> :<\/p><ul><li>Les op\u00e9rations clandestines dans le renseignement (septembre 2025)<\/li><li>Renseignement et contre-terrorisme<\/li><li>Apprendre des \u00e9checs dans le renseignement<\/li><li>Renseignement et litt\u00e9rature<\/li><\/ul>\t\t\t\t\t\t\t\t<\/div>\n\t\t\t\t<\/div>\n\t\t\t\t<div class=\"elementor-element elementor-element-c6f129c elementor-widget elementor-widget-image\" data-id=\"c6f129c\" data-element_type=\"widget\" data-e-type=\"widget\" data-widget_type=\"image.default\">\n\t\t\t\t<div class=\"elementor-widget-container\">\n\t\t\t\t\t\t\t\t\t\t\t\t\t\t\t<img fetchpriority=\"high\" decoding=\"async\" width=\"580\" height=\"353\" src=\"https:\/\/revuerechercherenseignement.net\/wp-content\/uploads\/2025\/06\/image3.png\" class=\"attachment-large size-large wp-image-1143\" alt=\"\" srcset=\"https:\/\/revuerechercherenseignement.net\/wp-content\/uploads\/2025\/06\/image3.png 870w, https:\/\/revuerechercherenseignement.net\/wp-content\/uploads\/2025\/06\/image3-300x183.png 300w, https:\/\/revuerechercherenseignement.net\/wp-content\/uploads\/2025\/06\/image3-768x468.png 768w\" sizes=\"(max-width: 580px) 100vw, 580px\" \/>\t\t\t\t\t\t\t\t\t\t\t\t\t\t\t<\/div>\n\t\t\t\t<\/div>\n\t\t\t\t\t<\/div>\n\t\t\t\t<\/div>\n\t\t<div class=\"elementor-element elementor-element-be59ea9 e-flex e-con-boxed e-con e-parent\" data-id=\"be59ea9\" data-element_type=\"container\" data-e-type=\"container\">\n\t\t\t\t\t<div class=\"e-con-inner\">\n\t\t\t\t<div class=\"elementor-element elementor-element-ecfa17e elementor-widget elementor-widget-text-editor\" data-id=\"ecfa17e\" data-element_type=\"widget\" data-e-type=\"widget\" data-widget_type=\"text-editor.default\">\n\t\t\t\t<div class=\"elementor-widget-container\">\n\t\t\t\t\t\t\t\t\t<p class=\"p1\"><span class=\"s1\"><b>U<\/b><\/span><b>N<\/b><b> <\/b><b>PARTENARIAT<\/b><b> <\/b><b>ENTRE<\/b><b> <\/b><b>LE<\/b><b> <\/b><b>CNAM<\/b><b> <\/b><b>ET<\/b><b> <\/b><b>MAREUIL<\/b><b> <\/b><b>\u00c9DITIONS<\/b><\/p><p class=\"p1\">Les <b>\u00c9ditions Mareuil<\/b>, qui publient depuis plusieurs ann\u00e9es des ouvrages de r\u00e9f\u00e9rence sur le renseignement \u2013 <em>Walk-ins<\/em> de Michel Gu\u00e9rin, <em>La DST sur le front de la guerre froide <\/em>de Raymond Nart, Jean-Fran\u00e7ois Clair et Michel Gu\u00e9rin,<i> <\/i><em>Afrique Adieu<\/em><i> <\/i>de Jean-Pierre Aug\u00e9<i>, <\/i><em>L\u2019homme de Tripoli<\/em><i> <\/i>de Jean-Fran\u00e7ois Lhuillier \u2013 ont souhait\u00e9 s\u2019associer \u00e0 ce projet en collaboration avec le Cnam.<\/p>\t\t\t\t\t\t\t\t<\/div>\n\t\t\t\t<\/div>\n\t\t\t\t\t<\/div>\n\t\t\t\t<\/div>\n\t\t<div class=\"elementor-element elementor-element-35e0094 e-flex e-con-boxed e-con e-parent\" data-id=\"35e0094\" data-element_type=\"container\" data-e-type=\"container\">\n\t\t\t\t\t<div class=\"e-con-inner\">\n\t\t\t\t\t<\/div>\n\t\t\t\t<\/div>\n\t\t<div class=\"elementor-element elementor-element-bf83150 e-flex e-con-boxed e-con e-parent\" data-id=\"bf83150\" data-element_type=\"container\" data-e-type=\"container\">\n\t\t\t\t\t<div class=\"e-con-inner\">\n\t\t\t\t<div class=\"elementor-element elementor-element-acfc298 elementor-widget elementor-widget-image\" data-id=\"acfc298\" data-element_type=\"widget\" data-e-type=\"widget\" data-widget_type=\"image.default\">\n\t\t\t\t<div class=\"elementor-widget-container\">\n\t\t\t\t\t\t\t\t\t\t\t\t<figure class=\"wp-caption\">\n\t\t\t\t\t\t\t\t\t\t\t<a href=\"https:\/\/esd.cnam.fr\/equipe-securite-defense-\/equipe-de-recherche-securite-et-defense-accueil-1092218.kjsp\">\n\t\t\t\t\t\t\t<img decoding=\"async\" width=\"580\" height=\"110\" src=\"https:\/\/revuerechercherenseignement.net\/wp-content\/uploads\/2025\/06\/Rouge-1024x195.png\" class=\"attachment-large size-large wp-image-1142\" alt=\"\" srcset=\"https:\/\/revuerechercherenseignement.net\/wp-content\/uploads\/2025\/06\/Rouge-1024x195.png 1024w, https:\/\/revuerechercherenseignement.net\/wp-content\/uploads\/2025\/06\/Rouge-300x57.png 300w, https:\/\/revuerechercherenseignement.net\/wp-content\/uploads\/2025\/06\/Rouge-768x147.png 768w, https:\/\/revuerechercherenseignement.net\/wp-content\/uploads\/2025\/06\/Rouge.png 1153w\" sizes=\"(max-width: 580px) 100vw, 580px\" \/>\t\t\t\t\t\t\t\t<\/a>\n\t\t\t\t\t\t\t\t\t\t\t<figcaption class=\"widget-image-caption wp-caption-text\"><\/figcaption>\n\t\t\t\t\t\t\t\t\t\t<\/figure>\n\t\t\t\t\t\t\t\t\t<\/div>\n\t\t\t\t<\/div>\n\t\t\t\t\t<\/div>\n\t\t\t\t<\/div>\n\t\t<div class=\"elementor-element elementor-element-51223ab e-flex e-con-boxed e-con e-parent\" data-id=\"51223ab\" data-element_type=\"container\" data-e-type=\"container\">\n\t\t\t\t\t<div class=\"e-con-inner\">\n\t\t\t\t<div class=\"elementor-element elementor-element-e4c5f0c elementor-widget elementor-widget-text-editor\" data-id=\"e4c5f0c\" data-element_type=\"widget\" data-e-type=\"widget\" data-widget_type=\"text-editor.default\">\n\t\t\t\t<div class=\"elementor-widget-container\">\n\t\t\t\t\t\t\t\t\t<p>2 rue Cont\u00e9, 75003 Paris &#8211; \u00a9 2025 All Rights Reserved.<\/p>\t\t\t\t\t\t\t\t<\/div>\n\t\t\t\t<\/div>\n\t\t\t\t\t<\/div>\n\t\t\t\t<\/div>\n\t\t<div class=\"elementor-element elementor-element-5571065 e-flex e-con-boxed e-con e-parent\" data-id=\"5571065\" data-element_type=\"container\" data-e-type=\"container\">\n\t\t\t\t\t<div class=\"e-con-inner\">\n\t\t\t\t\t<\/div>\n\t\t\t\t<\/div>\n\t\t<div class=\"elementor-element elementor-element-76d004b e-flex e-con-boxed e-con e-parent\" data-id=\"76d004b\" data-element_type=\"container\" data-e-type=\"container\">\n\t\t\t\t\t<div class=\"e-con-inner\">\n\t\t\t\t\t<\/div>\n\t\t\t\t<\/div>\n\t\t<div class=\"elementor-element elementor-element-9fda871 e-flex e-con-boxed e-con e-parent\" data-id=\"9fda871\" data-element_type=\"container\" data-e-type=\"container\">\n\t\t\t\t\t<div class=\"e-con-inner\">\n\t\t\t\t\t<\/div>\n\t\t\t\t<\/div>\n\t\t<div class=\"elementor-element elementor-element-ee4ad9a e-flex e-con-boxed e-con e-parent\" data-id=\"ee4ad9a\" data-element_type=\"container\" data-e-type=\"container\">\n\t\t\t\t\t<div class=\"e-con-inner\">\n\t\t\t\t\t<\/div>\n\t\t\t\t<\/div>\n\t\t\t\t<\/div>\n\t\t","protected":false},"excerpt":{"rendered":"<p>\u00ab\u00a0Nous esp\u00e9rons non seulement que cette revue offrira des articles de qualit\u00e9 sur ce sujet encore \u00e9mergent en France, mais aussi qu\u2019elle encouragera de nouveaux travaux de recherche et de nouvelles vocations dans ce domaine.\u00a0\u00bb Philippe BaumardDirecteur de la publication La Revue de Recherche sur le Renseignement en 3 points : 1. Une revue interdisciplinaire [&hellip;]<\/p>\n","protected":false},"author":2,"featured_media":0,"parent":0,"menu_order":0,"comment_status":"closed","ping_status":"closed","template":"","meta":{"footnotes":""},"class_list":["post-682","page","type-page","status-publish","hentry"],"_links":{"self":[{"href":"https:\/\/revuerechercherenseignement.net\/index.php\/wp-json\/wp\/v2\/pages\/682","targetHints":{"allow":["GET"]}}],"collection":[{"href":"https:\/\/revuerechercherenseignement.net\/index.php\/wp-json\/wp\/v2\/pages"}],"about":[{"href":"https:\/\/revuerechercherenseignement.net\/index.php\/wp-json\/wp\/v2\/types\/page"}],"author":[{"embeddable":true,"href":"https:\/\/revuerechercherenseignement.net\/index.php\/wp-json\/wp\/v2\/users\/2"}],"replies":[{"embeddable":true,"href":"https:\/\/revuerechercherenseignement.net\/index.php\/wp-json\/wp\/v2\/comments?post=682"}],"version-history":[{"count":137,"href":"https:\/\/revuerechercherenseignement.net\/index.php\/wp-json\/wp\/v2\/pages\/682\/revisions"}],"predecessor-version":[{"id":1292,"href":"https:\/\/revuerechercherenseignement.net\/index.php\/wp-json\/wp\/v2\/pages\/682\/revisions\/1292"}],"wp:attachment":[{"href":"https:\/\/revuerechercherenseignement.net\/index.php\/wp-json\/wp\/v2\/media?parent=682"}],"curies":[{"name":"wp","href":"https:\/\/api.w.org\/{rel}","templated":true}]}}