{"id":770,"date":"2024-02-01T10:03:24","date_gmt":"2024-02-01T09:03:24","guid":{"rendered":"https:\/\/revuerechercherenseignement.net\/?page_id=770"},"modified":"2025-10-14T11:30:12","modified_gmt":"2025-10-14T09:30:12","slug":"objectifs-et-portees-2","status":"publish","type":"page","link":"https:\/\/revuerechercherenseignement.net\/index.php\/objectifs-et-portees-2\/","title":{"rendered":"Objectifs et Port\u00e9e"},"content":{"rendered":"\t\t<div data-elementor-type=\"wp-page\" data-elementor-id=\"770\" class=\"elementor elementor-770\" data-elementor-post-type=\"page\">\n\t\t\t\t<div class=\"elementor-element elementor-element-85fc24e e-flex e-con-boxed e-con e-parent\" data-id=\"85fc24e\" data-element_type=\"container\" data-e-type=\"container\">\n\t\t\t\t\t<div class=\"e-con-inner\">\n\t\t\t\t<div class=\"elementor-element elementor-element-9bddc46 elementor-widget elementor-widget-heading\" data-id=\"9bddc46\" data-element_type=\"widget\" data-e-type=\"widget\" data-widget_type=\"heading.default\">\n\t\t\t\t<div class=\"elementor-widget-container\">\n\t\t\t\t\t<h2 class=\"elementor-heading-title elementor-size-default\">Une revue de recherche par la communaut\u00e9 du renseignement, pour la communaut\u00e9 du renseignement et au-del\u00e0 <\/h2>\t\t\t\t<\/div>\n\t\t\t\t<\/div>\n\t\t\t\t\t<\/div>\n\t\t\t\t<\/div>\n\t\t<div class=\"elementor-element elementor-element-3c07266 e-flex e-con-boxed e-con e-parent\" data-id=\"3c07266\" data-element_type=\"container\" data-e-type=\"container\">\n\t\t\t\t\t<div class=\"e-con-inner\">\n\t\t\t\t<div class=\"elementor-element elementor-element-2d73145 elementor-widget elementor-widget-text-editor\" data-id=\"2d73145\" data-element_type=\"widget\" data-e-type=\"widget\" data-widget_type=\"text-editor.default\">\n\t\t\t\t<div class=\"elementor-widget-container\">\n\t\t\t\t\t\t\t\t\t<p class=\"p1\">Dans la <em>Revue de recherche sur le renseignement<\/em>, vous lirez <b>des articles qui ont \u00e9t\u00e9 pens\u00e9s par la communaut\u00e9 du renseignement et des cercles acad\u00e9miques <\/b><b>formant <\/b>en Bretagne depuis 1951 et \u00e0 Paris depuis 2015 <b>les agents de <\/b><b>renseignement fran\u00e7ais<\/b>.<\/p><p class=\"p1\"><b>L\u2019objectif de cette revue est d\u2019offrir aussi bien le regard de l\u2019expert acad\u00e9mique que celui du professionnel du renseignement<\/b> : un<b> regard crois\u00e9<\/b>, s\u2019appuyant \u00e0 la fois sur des \u00e9tudes historiques et des \u00e9tudes de cas des plus grands succ\u00e8s et \u00e9checs des services, mais aussi un <b>regard actuel<\/b>, traitant de sujets qui font l\u2019actualit\u00e9.<\/p><p class=\"p1\">La revue accueille <b>les contributions d\u2019auteurs de diff\u00e9rents horizons. <\/b>Elle r\u00e9unit jeunes doctorants, chercheurs confirm\u00e9s, enseignants, archivistes, journalistes, mais aussi anciens op\u00e9rationnels des services, refl\u00e9tant ainsi la diversit\u00e9 de la communaut\u00e9 du renseignement.<\/p><p class=\"p1\">Aussi<b> le comit\u00e9 \u00e9ditorial<\/b> regroupe-t-il ceux qui ont fait l\u2019histoire du renseignement, parce qu\u2019ils ont dirig\u00e9 des services secrets fran\u00e7ais ou \u00e9trangers, ceux qui ont r\u00e9ellement g\u00e9r\u00e9 les affaires et peuvent en discuter du point de vue de l\u2019acteur ; et ceux qui connaissent bien le renseignement pour en avoir fait leur domaine d\u2019expertise scientifique.<\/p><p class=\"p1\"><b>Ces points de vue d\u2019exception font de la <\/b><em><strong>Revue de recherche sur le renseignement<\/strong><\/em><b><i> <\/i><\/b><b>un point de rencontre unique qui aborde sans d\u00e9tours les <\/b><b>sujets les plus sensibles et les moins connus du monde du renseignement<\/b> : le r\u00f4le des femmes dans le renseignement, au-del\u00e0 des st\u00e9r\u00e9otypes, le renseignement en temps de guerre, l\u2019action clandestine et les l\u00e9gendes, le renseignement psychologique, les risques \u00e9thiques dans le renseignement humain, l\u2019apprentissage des \u00e9checs du renseignement, les biais cognitifs et bien d\u2019autres th\u00e8mes encore\u2026<\/p>\t\t\t\t\t\t\t\t<\/div>\n\t\t\t\t<\/div>\n\t\t\t\t\t<\/div>\n\t\t\t\t<\/div>\n\t\t<div class=\"elementor-element elementor-element-469b6f4 e-flex e-con-boxed e-con e-parent\" data-id=\"469b6f4\" data-element_type=\"container\" data-e-type=\"container\">\n\t\t\t\t\t<div class=\"e-con-inner\">\n\t\t\t\t<div class=\"elementor-element elementor-element-75db6e0 elementor-widget elementor-widget-image\" data-id=\"75db6e0\" data-element_type=\"widget\" data-e-type=\"widget\" data-widget_type=\"image.default\">\n\t\t\t\t<div class=\"elementor-widget-container\">\n\t\t\t\t\t\t\t\t\t\t\t\t\t\t\t<img fetchpriority=\"high\" decoding=\"async\" width=\"580\" height=\"110\" src=\"https:\/\/revuerechercherenseignement.net\/wp-content\/uploads\/2025\/06\/Rouge-1024x195.png\" class=\"attachment-large size-large wp-image-1142\" alt=\"\" srcset=\"https:\/\/revuerechercherenseignement.net\/wp-content\/uploads\/2025\/06\/Rouge-1024x195.png 1024w, https:\/\/revuerechercherenseignement.net\/wp-content\/uploads\/2025\/06\/Rouge-300x57.png 300w, https:\/\/revuerechercherenseignement.net\/wp-content\/uploads\/2025\/06\/Rouge-768x147.png 768w, https:\/\/revuerechercherenseignement.net\/wp-content\/uploads\/2025\/06\/Rouge.png 1153w\" sizes=\"(max-width: 580px) 100vw, 580px\" \/>\t\t\t\t\t\t\t\t\t\t\t\t\t\t\t<\/div>\n\t\t\t\t<\/div>\n\t\t\t\t\t<\/div>\n\t\t\t\t<\/div>\n\t\t<div class=\"elementor-element elementor-element-af8200f e-flex e-con-boxed e-con e-parent\" data-id=\"af8200f\" data-element_type=\"container\" data-e-type=\"container\">\n\t\t\t\t\t<div class=\"e-con-inner\">\n\t\t\t\t<div class=\"elementor-element elementor-element-7bbb5cf elementor-widget elementor-widget-text-editor\" data-id=\"7bbb5cf\" data-element_type=\"widget\" data-e-type=\"widget\" data-widget_type=\"text-editor.default\">\n\t\t\t\t<div class=\"elementor-widget-container\">\n\t\t\t\t\t\t\t\t\t<p>2 rue Cont\u00e9, 75003 Paris &#8211; \u00a9 All Rights Reserved.<\/p><p>ISNN : 3002-773X<\/p>\t\t\t\t\t\t\t\t<\/div>\n\t\t\t\t<\/div>\n\t\t\t\t\t<\/div>\n\t\t\t\t<\/div>\n\t\t\t\t<\/div>\n\t\t","protected":false},"excerpt":{"rendered":"<p>Une revue de recherche par la communaut\u00e9 du renseignement, pour la communaut\u00e9 du renseignement et au-del\u00e0 Dans la Revue de recherche sur le renseignement, vous lirez des articles qui ont \u00e9t\u00e9 pens\u00e9s par la communaut\u00e9 du renseignement et des cercles acad\u00e9miques formant en Bretagne depuis 1951 et \u00e0 Paris depuis 2015 les agents de renseignement [&hellip;]<\/p>\n","protected":false},"author":2,"featured_media":0,"parent":0,"menu_order":0,"comment_status":"closed","ping_status":"closed","template":"","meta":{"footnotes":""},"class_list":["post-770","page","type-page","status-publish","hentry"],"_links":{"self":[{"href":"https:\/\/revuerechercherenseignement.net\/index.php\/wp-json\/wp\/v2\/pages\/770","targetHints":{"allow":["GET"]}}],"collection":[{"href":"https:\/\/revuerechercherenseignement.net\/index.php\/wp-json\/wp\/v2\/pages"}],"about":[{"href":"https:\/\/revuerechercherenseignement.net\/index.php\/wp-json\/wp\/v2\/types\/page"}],"author":[{"embeddable":true,"href":"https:\/\/revuerechercherenseignement.net\/index.php\/wp-json\/wp\/v2\/users\/2"}],"replies":[{"embeddable":true,"href":"https:\/\/revuerechercherenseignement.net\/index.php\/wp-json\/wp\/v2\/comments?post=770"}],"version-history":[{"count":29,"href":"https:\/\/revuerechercherenseignement.net\/index.php\/wp-json\/wp\/v2\/pages\/770\/revisions"}],"predecessor-version":[{"id":1307,"href":"https:\/\/revuerechercherenseignement.net\/index.php\/wp-json\/wp\/v2\/pages\/770\/revisions\/1307"}],"wp:attachment":[{"href":"https:\/\/revuerechercherenseignement.net\/index.php\/wp-json\/wp\/v2\/media?parent=770"}],"curies":[{"name":"wp","href":"https:\/\/api.w.org\/{rel}","templated":true}]}}