{"id":788,"date":"2024-02-01T10:24:29","date_gmt":"2024-02-01T09:24:29","guid":{"rendered":"https:\/\/revuerechercherenseignement.net\/?page_id=788"},"modified":"2025-10-17T11:35:55","modified_gmt":"2025-10-17T09:35:55","slug":"lignes-directrices-de-soumission","status":"publish","type":"page","link":"https:\/\/revuerechercherenseignement.net\/index.php\/lignes-directrices-de-soumission\/","title":{"rendered":"Appel \u00e0 contribution &#8211; soumission d&rsquo;articles"},"content":{"rendered":"\t\t<div data-elementor-type=\"wp-page\" data-elementor-id=\"788\" class=\"elementor elementor-788\" data-elementor-post-type=\"page\">\n\t\t\t\t<div class=\"elementor-element elementor-element-28afba8 e-flex e-con-boxed e-con e-parent\" data-id=\"28afba8\" data-element_type=\"container\" data-e-type=\"container\">\n\t\t\t\t\t<div class=\"e-con-inner\">\n\t\t\t\t<div class=\"elementor-element elementor-element-7178890 elementor-widget elementor-widget-text-editor\" data-id=\"7178890\" data-element_type=\"widget\" data-e-type=\"widget\" data-widget_type=\"text-editor.default\">\n\t\t\t\t<div class=\"elementor-widget-container\">\n\t\t\t\t\t\t\t\t\t<p>La <em>Revue de Recherche sur le Renseignement<\/em> a pour vocation de diffuser des analyses, r\u00e9flexions, et recherches originales issues de la communaut\u00e9 universitaire. Nous invitons chercheur.euse.s, doctorant.e.s et expert.e.s \u00e0 soumettre des articles en lien avec nos axes th\u00e9matiques.<\/p><p>Les propositions sont \u00e0 envoyer \u00e0 l\u2019adresse suivante\u00a0: <a href=\"mailto:par_rrr@lecnam.net\"><strong>par_rrr@lecnam.net<\/strong><\/a>.<\/p><p>Merci de joindre \u00e0 votre envoi\u00a0:<\/p><ul><li>L\u2019article complet au <strong>format Word <\/strong>;<\/li><li>Une br\u00e8ve notice biographique incluant votre affiliation institutionnelle\u00a0(300 mots) ;<\/li><li>Vos coordonn\u00e9es (courriel et t\u00e9l\u00e9phone).<\/li><\/ul><p>Merci de <strong>lire attentivement les consignes ci-dessous avant la soumission de votre article<\/strong>.<\/p><ol><li><u>Format du manuscrit\u00a0<\/u><\/li><\/ol><ul><li>Longueur de 40 000 caract\u00e8res, Times News Roman, 12 pt, interligne double. Bibliographie et notes de bas de pages incluses ;<\/li><li>Format Word (.docx) pour permettre l\u2019\u00e9dition ;<\/li><li>R\u00e9sum\u00e9 de 200 mots maximum, avec un titre et plusieurs mots-cl\u00e9s ;<\/li><li>Figures, tableaux et donn\u00e9es\u00a0: \u00e0 inclure dans le manuscrit, ou en annexe s\u00e9par\u00e9e.<\/li><\/ul><ol start=\"2\"><li><u>Citations et bibliographie<\/u><\/li><\/ol><ul><li>Chicago (auteur-date) ;<\/li><li>Dans le texte : Nom, ann\u00e9e, p.XX. ;<\/li><li>Trois auteurs ou plus : (Nom et al., ann\u00e9e) ;<\/li><li><strong>Plusieurs publications d\u2019un m\u00eame auteur<\/strong> : (Nom, 2023a ; 2023b) ;<\/li><li><strong>Travaux ant\u00e9rieurs de l\u2019auteur<\/strong><strong> :<\/strong> \u00e0 citer explicitement et inclure dans la bibliographie.<\/li><\/ul><ol start=\"3\"><li><u>Documents annexes <\/u><\/li><\/ol><ul><li>Page de titre : noms complets des auteurs et affiliation institutionnelle ;<\/li><li>Lettre d\u2019accompagnement : pairs ayant relu l\u2019article, conflits d\u2019int\u00e9r\u00eats \u00e9ventuels, indications si les donn\u00e9es ont d\u00e9j\u00e0 \u00e9t\u00e9 utilis\u00e9es ailleurs.<\/li><\/ul><ol start=\"4\"><li><u>R\u00e9daction<\/u><\/li><\/ol><ul><li>Voix active ;<\/li><li>Employer le \u00ab nous \u00bb uniquement en cas d\u2019auteurs multiples;<\/li><li>Pr\u00e9ciser les abr\u00e9viations utilis\u00e9es.<\/li><\/ul><p>Toute utilisation de l\u2019intelligence artificielle doit \u00eatre <strong>explicitement mentionn\u00e9e<\/strong>\u00a0: pr\u00e9cisez quand et comment elle a \u00e9t\u00e9 utilis\u00e9e.<\/p><p>Chaque article est relu par notre comit\u00e9 \u00e9ditorial, compos\u00e9 de membres du milieu acad\u00e9mique. Les textes peuvent faire l\u2019objet de suggestions ou de modifications mineures, soumises \u00e0 l\u2019accord de l\u2019auteur.e avant publication.<\/p>\t\t\t\t\t\t\t\t<\/div>\n\t\t\t\t<\/div>\n\t\t\t\t\t<\/div>\n\t\t\t\t<\/div>\n\t\t<div class=\"elementor-element elementor-element-b0b9f75 e-flex e-con-boxed e-con e-parent\" data-id=\"b0b9f75\" data-element_type=\"container\" data-e-type=\"container\">\n\t\t\t\t\t<div class=\"e-con-inner\">\n\t\t\t\t<div class=\"elementor-element elementor-element-45045a2 elementor-widget elementor-widget-image\" data-id=\"45045a2\" data-element_type=\"widget\" data-e-type=\"widget\" data-widget_type=\"image.default\">\n\t\t\t\t<div class=\"elementor-widget-container\">\n\t\t\t\t\t\t\t\t\t\t\t\t\t\t\t<img fetchpriority=\"high\" decoding=\"async\" width=\"580\" height=\"110\" src=\"https:\/\/revuerechercherenseignement.net\/wp-content\/uploads\/2025\/06\/Rouge-1024x195.png\" class=\"attachment-large size-large wp-image-1142\" alt=\"\" srcset=\"https:\/\/revuerechercherenseignement.net\/wp-content\/uploads\/2025\/06\/Rouge-1024x195.png 1024w, https:\/\/revuerechercherenseignement.net\/wp-content\/uploads\/2025\/06\/Rouge-300x57.png 300w, https:\/\/revuerechercherenseignement.net\/wp-content\/uploads\/2025\/06\/Rouge-768x147.png 768w, https:\/\/revuerechercherenseignement.net\/wp-content\/uploads\/2025\/06\/Rouge.png 1153w\" sizes=\"(max-width: 580px) 100vw, 580px\" \/>\t\t\t\t\t\t\t\t\t\t\t\t\t\t\t<\/div>\n\t\t\t\t<\/div>\n\t\t\t\t\t<\/div>\n\t\t\t\t<\/div>\n\t\t<div class=\"elementor-element elementor-element-1b549fe e-flex e-con-boxed e-con e-parent\" data-id=\"1b549fe\" data-element_type=\"container\" data-e-type=\"container\">\n\t\t\t\t\t<div class=\"e-con-inner\">\n\t\t\t\t<div class=\"elementor-element elementor-element-7e9f5b4 elementor-widget elementor-widget-text-editor\" data-id=\"7e9f5b4\" data-element_type=\"widget\" data-e-type=\"widget\" data-widget_type=\"text-editor.default\">\n\t\t\t\t<div class=\"elementor-widget-container\">\n\t\t\t\t\t\t\t\t\t<p>2 rue Cont\u00e9, 75003 Paris &#8211; \u00a9 All Rights Reserved.<\/p><p>ISNN : 3002-773X<\/p>\t\t\t\t\t\t\t\t<\/div>\n\t\t\t\t<\/div>\n\t\t\t\t\t<\/div>\n\t\t\t\t<\/div>\n\t\t\t\t<\/div>\n\t\t","protected":false},"excerpt":{"rendered":"<p>La Revue de Recherche sur le Renseignement a pour vocation de diffuser des analyses, r\u00e9flexions, et recherches originales issues de la communaut\u00e9 universitaire. Nous invitons chercheur.euse.s, doctorant.e.s et expert.e.s \u00e0 soumettre des articles en lien avec nos axes th\u00e9matiques. Les propositions sont \u00e0 envoyer \u00e0 l\u2019adresse suivante\u00a0: par_rrr@lecnam.net. Merci de joindre \u00e0 votre envoi\u00a0: L\u2019article [&hellip;]<\/p>\n","protected":false},"author":2,"featured_media":0,"parent":0,"menu_order":0,"comment_status":"closed","ping_status":"closed","template":"","meta":{"footnotes":""},"class_list":["post-788","page","type-page","status-publish","hentry"],"_links":{"self":[{"href":"https:\/\/revuerechercherenseignement.net\/index.php\/wp-json\/wp\/v2\/pages\/788","targetHints":{"allow":["GET"]}}],"collection":[{"href":"https:\/\/revuerechercherenseignement.net\/index.php\/wp-json\/wp\/v2\/pages"}],"about":[{"href":"https:\/\/revuerechercherenseignement.net\/index.php\/wp-json\/wp\/v2\/types\/page"}],"author":[{"embeddable":true,"href":"https:\/\/revuerechercherenseignement.net\/index.php\/wp-json\/wp\/v2\/users\/2"}],"replies":[{"embeddable":true,"href":"https:\/\/revuerechercherenseignement.net\/index.php\/wp-json\/wp\/v2\/comments?post=788"}],"version-history":[{"count":43,"href":"https:\/\/revuerechercherenseignement.net\/index.php\/wp-json\/wp\/v2\/pages\/788\/revisions"}],"predecessor-version":[{"id":1325,"href":"https:\/\/revuerechercherenseignement.net\/index.php\/wp-json\/wp\/v2\/pages\/788\/revisions\/1325"}],"wp:attachment":[{"href":"https:\/\/revuerechercherenseignement.net\/index.php\/wp-json\/wp\/v2\/media?parent=788"}],"curies":[{"name":"wp","href":"https:\/\/api.w.org\/{rel}","templated":true}]}}